{"id":337,"date":"2016-01-29T13:28:12","date_gmt":"2016-01-29T11:28:12","guid":{"rendered":"http:\/\/www.korozyonuzmani.com\/?page_id=337"},"modified":"2016-06-15T01:02:01","modified_gmt":"2016-06-14T22:02:01","slug":"seda-omercikoglu","status":"publish","type":"page","link":"https:\/\/www.korozyonuzmani.com\/en\/seda-omercikoglu\/","title":{"rendered":"Seda \u00d6merciko\u011flu"},"content":{"rendered":"<p>2003 y\u0131l\u0131ndan bu yana boya ve kimya sekt\u00f6r\u00fcnde, hem i\u015fletme taraf\u0131nda (d\u0131\u015f ticaret,kalite ,i\u015f geli\u015ftirme) hemde d\u0131\u015f cephe boyalar\u0131 i\u00e7in \u00fcretimde \u00e7al\u0131\u015fm\u0131\u015f, \u00e7elik ve otomotiv sekt\u00f6rlerinde Boyahane m\u00fcd\u00fcrl\u00fc\u011f\u00fc yapm\u0131\u015f bir kimyagerdir.<\/p>\n<p>2013 y\u0131l\u0131ndan bu yana SSPC \u00e7at\u0131s\u0131 alt\u0131nda hem inspekt\u00f6r SSPC PCI Level 3,Lead Instructor(PCI) ve SSPC E\u011fitimleri T\u00fcrkiye ve Bat\u0131 Asya(Rusya,Azerbaycan,Turkmenistan,Kazakistan,G\u00fcrcistan),Romanya,Ukrayna,Irak,Katar,Kuveyt,Sudan,Umman ve Cezayir&#8217;in Resmi Lisans\u00f6rl\u00fc\u011f\u00fcn\u00fc yapmaktad\u0131r.<\/p>\n<p><a href=\"http:\/\/www.linkedin.com\/in\/sedaomercikoglu\/\" target=\"_blank\">Linkedin Sedaomercikoglu<\/a><\/p>\n<p>&nbsp;<\/p>\n<p>(STM Coatech)<\/p>","protected":false},"excerpt":{"rendered":"<p>2003 y\u0131l\u0131ndan bu yana boya ve kimya sekt\u00f6r\u00fcnde, hem i\u015fletme taraf\u0131nda (d\u0131\u015f ticaret,kalite ,i\u015f geli\u015ftirme) hemde d\u0131\u015f cephe boyalar\u0131 i\u00e7in<\/p>\n","protected":false},"author":1,"featured_media":0,"parent":0,"menu_order":0,"comment_status":"closed","ping_status":"closed","template":"","meta":[],"_links":{"self":[{"href":"https:\/\/www.korozyonuzmani.com\/en\/wp-json\/wp\/v2\/pages\/337"}],"collection":[{"href":"https:\/\/www.korozyonuzmani.com\/en\/wp-json\/wp\/v2\/pages"}],"about":[{"href":"https:\/\/www.korozyonuzmani.com\/en\/wp-json\/wp\/v2\/types\/page"}],"author":[{"embeddable":true,"href":"https:\/\/www.korozyonuzmani.com\/en\/wp-json\/wp\/v2\/users\/1"}],"replies":[{"embeddable":true,"href":"https:\/\/www.korozyonuzmani.com\/en\/wp-json\/wp\/v2\/comments?post=337"}],"version-history":[{"count":4,"href":"https:\/\/www.korozyonuzmani.com\/en\/wp-json\/wp\/v2\/pages\/337\/revisions"}],"predecessor-version":[{"id":542,"href":"https:\/\/www.korozyonuzmani.com\/en\/wp-json\/wp\/v2\/pages\/337\/revisions\/542"}],"wp:attachment":[{"href":"https:\/\/www.korozyonuzmani.com\/en\/wp-json\/wp\/v2\/media?parent=337"}],"curies":[{"name":"wp","href":"https:\/\/api.w.org\/{rel}","templated":true}]}}